{"id":87,"date":"2025-03-18T10:44:36","date_gmt":"2025-03-18T10:44:36","guid":{"rendered":"https:\/\/nina-ray.ch\/?page_id=87"},"modified":"2026-02-05T14:32:56","modified_gmt":"2026-02-05T14:32:56","slug":"customized-songs","status":"publish","type":"page","link":"https:\/\/nina-ray.ch\/?page_id=87","title":{"rendered":"Customized Songs"},"content":{"rendered":"\n<p><\/p>\n\n\n<p>Mit meinen personalisierten Songs erschaffe ich Ihnen ein ganz besonderes pers\u00f6nliches Erlebnis f\u00fcr Ihren speziellen Event, wie beispielsweise Ihre Hochzeit, Ihren Geburtstag oder Firmenevent. Ihr eigener Song ist somit jederzeit exklusiv nur f\u00fcr Sie abruf- und h\u00f6rbar und gleichzeitig eine Erinnerung, die f\u00fcr immer bleibt. <\/p>\n\n\n<p>Entweder geben Sie mir einen vorgegebenen Text und die gew\u00fcnschte Melodie eines schon bestehenden Songs oder ich erstelle aufgrund Ihrer Erz\u00e4hlungen und Stichworte einen Songtext zu Ihrer gew\u00fcnschten oder von mir erstellten Songmelodie. Der Song kann Ihren W\u00fcnschen entsprechend angepasst werden oder Sie lassen sich \u00fcberraschen und h\u00f6ren Ihren ganz pers\u00f6nlichen Song an Ihrem Event zum ersten Mal.<\/p>\n\n\n<p><\/p>\n","protected":false},"excerpt":{"rendered":"<p>Mit meinen personalisierten Songs erschaffe ich Ihnen ein ganz besonderes pers\u00f6nliches Erlebnis f\u00fcr Ihren speziellen Event, [&hellip;]<\/p>\n","protected":false},"author":1,"featured_media":0,"parent":0,"menu_order":0,"comment_status":"closed","ping_status":"closed","template":"","meta":{"footnotes":""},"class_list":["post-87","page","type-page","status-publish","hentry"],"_links":{"self":[{"href":"https:\/\/nina-ray.ch\/index.php?rest_route=\/wp\/v2\/pages\/87","targetHints":{"allow":["GET"]}}],"collection":[{"href":"https:\/\/nina-ray.ch\/index.php?rest_route=\/wp\/v2\/pages"}],"about":[{"href":"https:\/\/nina-ray.ch\/index.php?rest_route=\/wp\/v2\/types\/page"}],"author":[{"embeddable":true,"href":"https:\/\/nina-ray.ch\/index.php?rest_route=\/wp\/v2\/users\/1"}],"replies":[{"embeddable":true,"href":"https:\/\/nina-ray.ch\/index.php?rest_route=%2Fwp%2Fv2%2Fcomments&post=87"}],"version-history":[{"count":6,"href":"https:\/\/nina-ray.ch\/index.php?rest_route=\/wp\/v2\/pages\/87\/revisions"}],"predecessor-version":[{"id":235,"href":"https:\/\/nina-ray.ch\/index.php?rest_route=\/wp\/v2\/pages\/87\/revisions\/235"}],"wp:attachment":[{"href":"https:\/\/nina-ray.ch\/index.php?rest_route=%2Fwp%2Fv2%2Fmedia&parent=87"}],"curies":[{"name":"wp","href":"https:\/\/api.w.org\/{rel}","templated":true}]}}